{"id":242,"date":"2024-04-16T13:27:54","date_gmt":"2024-04-16T11:27:54","guid":{"rendered":"http:\/\/lvyvwux.cluster023.hosting.ovh.net\/?page_id=242"},"modified":"2024-04-16T13:27:54","modified_gmt":"2024-04-16T11:27:54","slug":"nos-valeurs","status":"publish","type":"page","link":"https:\/\/candiaprofessional.be\/nl\/nos-valeurs\/","title":{"rendered":"Onze waarden"},"content":{"rendered":"<p>[et_pb_section fb_built=\u00a0\u00bb1&Prime; admin_label=\u00a0\u00bbTitre\u00a0\u00bb _builder_version=\u00a0\u00bb4.22.1&Prime; _module_preset=\u00a0\u00bbdefault\u00a0\u00bb background_color=\u00a0\u00bbrgba(0,0,0,0.43)\u00a0\u00bb background_image=\u00a0\u00bbhttps:\/\/candiaprofessional.be\/wp-content\/uploads\/2024\/04\/Candia-LCDI-Ce-acile-Creiche-7-scaled-e1686913300682-1600&#215;900-c-default.jpg\u00a0\u00bb background_blend=\u00a0\u00bbmultiply\u00a0\u00bb z_index=\u00a0\u00bb30&Prime; custom_padding=\u00a0\u00bb235px||235px||true|\u00a0\u00bb hover_enabled=\u00a0\u00bb0&Prime; global_colors_info=\u00a0\u00bb{}\u00a0\u00bb theme_builder_area=\u00a0\u00bbpost_content\u00a0\u00bb sticky_enabled=\u00a0\u00bb0&Prime;][et_pb_row _builder_version=\u00a0\u00bb4.22.1&Prime; _module_preset=\u00a0\u00bbdefault\u00a0\u00bb global_colors_info=\u00a0\u00bb{}\u00a0\u00bb theme_builder_area=\u00a0\u00bbpost_content\u00a0\u00bb][et_pb_column type=\u00a0\u00bb4_4&Prime; _builder_version=\u00a0\u00bb4.22.1&Prime; _module_preset=\u00a0\u00bbdefault\u00a0\u00bb global_colors_info=\u00a0\u00bb{}\u00a0\u00bb theme_builder_area=\u00a0\u00bbpost_content\u00a0\u00bb][et_pb_text _builder_version=\u00a0\u00bb4.22.1&Prime; _module_preset=\u00a0\u00bbae96264e-0694-419a-91ee-7872758643c0&Prime; text_font=\u00a0\u00bbOxygen||||||||\u00a0\u00bb text_text_color=\u00a0\u00bb#FFFFFF\u00a0\u00bb text_font_size=\u00a0\u00bb15px\u00a0\u00bb header_2_font=\u00a0\u00bbTrade Gothic LT STD|||on|||||\u00a0\u00bb header_2_letter_spacing=\u00a0\u00bb-1px\u00a0\u00bb header_3_font_size=\u00a0\u00bb90px\u00a0\u00bb header_3_letter_spacing=\u00a0\u00bb5px\u00a0\u00bb header_3_line_height=\u00a0\u00bb0.7em\u00a0\u00bb positioning=\u00a0\u00bbnone\u00a0\u00bb position_origin_a=\u00a0\u00bbtop_left\u00a0\u00bb vertical_offset=\u00a0\u00bb-350px\u00a0\u00bb module_alignment=\u00a0\u00bbcenter\u00a0\u00bb scroll_vertical_motion=\u00a0\u00bb0|50|50|91|2|0|-2&Prime; motion_trigger_start=\u00a0\u00bbtop\u00a0\u00bb global_colors_info=\u00a0\u00bb{}\u00a0\u00bb theme_builder_area=\u00a0\u00bbpost_content\u00a0\u00bb]<\/p>\n<h3 style=\"text-align: center;\">Les valeurs<\/h3>\n<h2 style=\"text-align: center;\">QUI NOUS INSPIREnt<\/h2>\n<p>[\/et_pb_text][\/et_pb_column][\/et_pb_row][\/et_pb_section][et_pb_section fb_built=\u00a0\u00bb1&Prime; admin_label=\u00a0\u00bbSection\u00a0\u00bb _builder_version=\u00a0\u00bb4.22.1&Prime; _module_preset=\u00a0\u00bbdefault\u00a0\u00bb background_enable_image=\u00a0\u00bboff\u00a0\u00bb background_repeat=\u00a0\u00bbrepeat\u00a0\u00bb custom_margin=\u00a0\u00bb||0px||false|false\u00a0\u00bb custom_padding=\u00a0\u00bb||0px||false|false\u00a0\u00bb global_colors_info=\u00a0\u00bb{}\u00a0\u00bb theme_builder_area=\u00a0\u00bbpost_content\u00a0\u00bb][et_pb_row _builder_version=\u00a0\u00bb4.22.1&Prime; _module_preset=\u00a0\u00bbdefault\u00a0\u00bb custom_margin=\u00a0\u00bb||50px||false|false\u00a0\u00bb hover_enabled=\u00a0\u00bb0&Prime; global_colors_info=\u00a0\u00bb{}\u00a0\u00bb theme_builder_area=\u00a0\u00bbpost_content\u00a0\u00bb sticky_enabled=\u00a0\u00bb0&Prime;][et_pb_column type=\u00a0\u00bb4_4&Prime; _builder_version=\u00a0\u00bb4.22.1&Prime; _module_preset=\u00a0\u00bbdefault\u00a0\u00bb global_colors_info=\u00a0\u00bb{}\u00a0\u00bb theme_builder_area=\u00a0\u00bbpost_content\u00a0\u00bb][et_pb_text _builder_version=\u00a0\u00bb4.22.1&Prime; _module_preset=\u00a0\u00bbdefault\u00a0\u00bb vertical_offset=\u00a0\u00bb-320px\u00a0\u00bb hover_enabled=\u00a0\u00bb0&Prime; global_colors_info=\u00a0\u00bb{}\u00a0\u00bb theme_builder_area=\u00a0\u00bbpost_content\u00a0\u00bb sticky_enabled=\u00a0\u00bb0&Prime;]<\/p>\n<div class=\"ct ct--master-advanced-content c6\">\n<h5 class=\"title-content font-5\">AUDACE<\/h5>\n<div class=\"ct ct--block-text \">\n<p>La force de notre collectif et notre esprit d\u2019entreprendre nous donne l\u2019audace de consid\u00e9rer qu\u2019un nouveau mod\u00e8le de soci\u00e9t\u00e9 est possible. L\u2019audace est un moteur de progr\u00e8s.<\/p>\n<\/div>\n<\/div>\n<div class=\"ct ct--master-advanced-content c6\">\n<h5 class=\"title-content font-5\"><\/h5>\n<p>&nbsp;<\/p>\n<h5 class=\"title-content font-5\">RESPECT<\/h5>\n<div class=\"ct ct--block-text \">\n<p>Une valeur vivante qui s\u2019applique a\u0300 tous les domaines : le respect de l\u2019homme, de l\u2019animal et de la nature. Le respect est la condition sine qua non d\u2019une socie\u0301te\u0301 plus durable.<\/p>\n<p>&nbsp;<\/p>\n<h5><\/h5>\n<h5>TRANSPARENCE<\/h5>\n<\/div>\n<\/div>\n<div class=\"ct ct--master-advanced-content c6\">\n<div class=\"ct ct--block-text \">\n<p>La coope\u0301ration n\u2019est possible que dans la transparence. Nous disons ce que nous faisons et faisons ce que nous disons. L\u2019origine de nos produits tout comme nos principes de fonctionnement sont aise\u0301ment ve\u0301rifiables.<\/p>\n<\/div>\n<\/div>\n<div class=\"ct ct--master-advanced-content c6\">\n<h5 class=\"title-content font-5\"><\/h5>\n<p>&nbsp;<\/p>\n<h5 class=\"title-content font-5\">SOLIDARIT\u00c9 &amp; \u00c9QUIT\u00c9<\/h5>\n<div class=\"ct ct--block-text \">\n<p>Les plus grandes re\u0301ussites se ba\u0302tissent sur la coope\u0301ration et le partage. C\u2019est pourquoi nous de\u0301fendons un mode\u0300le solidaire et responsable.<\/p>\n<\/div>\n<\/div>\n<p>[\/et_pb_text][\/et_pb_column][\/et_pb_row][\/et_pb_section][et_pb_section fb_built=\u00a0\u00bb1&Prime; admin_label=\u00a0\u00bbContact\u00a0\u00bb _builder_version=\u00a0\u00bb4.22.1&Prime; _module_preset=\u00a0\u00bbdefault\u00a0\u00bb background_enable_image=\u00a0\u00bboff\u00a0\u00bb background_repeat=\u00a0\u00bbrepeat\u00a0\u00bb custom_margin=\u00a0\u00bb||100px||false|false\u00a0\u00bb custom_padding=\u00a0\u00bb||||false|false\u00a0\u00bb global_module=\u00a0\u00bb153&Prime; saved_tabs=\u00a0\u00bball\u00a0\u00bb global_colors_info=\u00a0\u00bb{}\u00a0\u00bb theme_builder_area=\u00a0\u00bbpost_content\u00a0\u00bb][et_pb_row _builder_version=\u00a0\u00bb4.22.1&Prime; _module_preset=\u00a0\u00bbdefault\u00a0\u00bb width=\u00a0\u00bb90%\u00a0\u00bb max_width=\u00a0\u00bb1200px\u00a0\u00bb global_colors_info=\u00a0\u00bb{}\u00a0\u00bb theme_builder_area=\u00a0\u00bbpost_content\u00a0\u00bb][et_pb_column type=\u00a0\u00bb4_4&Prime; _builder_version=\u00a0\u00bb4.22.1&Prime; _module_preset=\u00a0\u00bbdefault\u00a0\u00bb global_colors_info=\u00a0\u00bb{}\u00a0\u00bb theme_builder_area=\u00a0\u00bbpost_content\u00a0\u00bb][et_pb_text _builder_version=\u00a0\u00bb4.22.1&Prime; _module_preset=\u00a0\u00bbae96264e-0694-419a-91ee-7872758643c0&Prime; header_2_font=\u00a0\u00bbTrade Gothic LT STD|||on|||||\u00a0\u00bb position_origin_a=\u00a0\u00bbbottom_left\u00a0\u00bb scroll_vertical_motion_enable=\u00a0\u00bbon\u00a0\u00bb scroll_vertical_motion=\u00a0\u00bb0|50|50|91|2|0|-1&Prime; motion_trigger_start=\u00a0\u00bbtop\u00a0\u00bb global_colors_info=\u00a0\u00bb{}\u00a0\u00bb theme_builder_area=\u00a0\u00bbpost_content\u00a0\u00bb]<\/p>\n<h3 style=\"text-align: center;\">Et si<\/h3>\n<h2 style=\"text-align: center;\">on<br \/>cr\u00e9ait<br \/>ensemble?<\/h2>\n<p>[\/et_pb_text][et_pb_image src=\u00a0\u00bbhttps:\/\/candiaprofessional.be\/wp-content\/uploads\/2024\/04\/6-chef.png\u00a0\u00bb align=\u00a0\u00bbcenter\u00a0\u00bb _builder_version=\u00a0\u00bb4.22.1&Prime; _module_preset=\u00a0\u00bbdefault\u00a0\u00bb transform_translate_linked=\u00a0\u00bboff\u00a0\u00bb position_origin_a=\u00a0\u00bbtop_center\u00a0\u00bb z_index=\u00a0\u00bb2&Prime; module_alignment=\u00a0\u00bbcenter\u00a0\u00bb overflow-x=\u00a0\u00bbhidden\u00a0\u00bb global_colors_info=\u00a0\u00bb{}\u00a0\u00bb theme_builder_area=\u00a0\u00bbpost_content\u00a0\u00bb][\/et_pb_image][\/et_pb_column][\/et_pb_row][et_pb_row column_structure=\u00a0\u00bb1_3,1_3,1_3&Prime; use_custom_gutter=\u00a0\u00bbon\u00a0\u00bb gutter_width=\u00a0\u00bb2&Prime; _builder_version=\u00a0\u00bb4.22.1&Prime; _module_preset=\u00a0\u00bbdefault\u00a0\u00bb positioning=\u00a0\u00bbabsolute\u00a0\u00bb position_origin_a=\u00a0\u00bbbottom_center\u00a0\u00bb vertical_offset=\u00a0\u00bb211px\u00a0\u00bb z_index=\u00a0\u00bb10&Prime; width=\u00a0\u00bb90%\u00a0\u00bb max_width=\u00a0\u00bb1200px\u00a0\u00bb global_colors_info=\u00a0\u00bb{}\u00a0\u00bb theme_builder_area=\u00a0\u00bbpost_content\u00a0\u00bb][et_pb_column type=\u00a0\u00bb1_3&Prime; _builder_version=\u00a0\u00bb4.22.1&Prime; _module_preset=\u00a0\u00bbdefault\u00a0\u00bb global_colors_info=\u00a0\u00bb{}\u00a0\u00bb theme_builder_area=\u00a0\u00bbpost_content\u00a0\u00bb][et_pb_image src=\u00a0\u00bbhttps:\/\/candiaprofessional.be\/wp-content\/uploads\/2024\/04\/6-product.png\u00a0\u00bb _builder_version=\u00a0\u00bb4.22.1&Prime; _module_preset=\u00a0\u00bbdefault\u00a0\u00bb max_width=\u00a0\u00bb189px\u00a0\u00bb module_alignment=\u00a0\u00bbleft\u00a0\u00bb scroll_vertical_motion_enable=\u00a0\u00bbon\u00a0\u00bb scroll_vertical_motion=\u00a0\u00bb0|32|32|72|4|0|-4&Prime; global_colors_info=\u00a0\u00bb{}\u00a0\u00bb theme_builder_area=\u00a0\u00bbpost_content\u00a0\u00bb][\/et_pb_image][\/et_pb_column][et_pb_column type=\u00a0\u00bb1_3&Prime; _builder_version=\u00a0\u00bb4.22.1&Prime; _module_preset=\u00a0\u00bbdefault\u00a0\u00bb global_colors_info=\u00a0\u00bb{}\u00a0\u00bb theme_builder_area=\u00a0\u00bbpost_content\u00a0\u00bb][\/et_pb_column][et_pb_column type=\u00a0\u00bb1_3&Prime; _builder_version=\u00a0\u00bb4.22.1&Prime; _module_preset=\u00a0\u00bbdefault\u00a0\u00bb global_colors_info=\u00a0\u00bb{}\u00a0\u00bb theme_builder_area=\u00a0\u00bbpost_content\u00a0\u00bb][et_pb_text _builder_version=\u00a0\u00bb4.22.1&Prime; _module_preset=\u00a0\u00bbdefault\u00a0\u00bb header_5_font=\u00a0\u00bbTrade Gothic LT STD|||on|||||\u00a0\u00bb header_5_text_color=\u00a0\u00bb#e44c38&Prime; header_5_letter_spacing=\u00a0\u00bb-1px\u00a0\u00bb positioning=\u00a0\u00bbabsolute\u00a0\u00bb vertical_offset=\u00a0\u00bb-220px\u00a0\u00bb global_colors_info=\u00a0\u00bb{}\u00a0\u00bb theme_builder_area=\u00a0\u00bbpost_content\u00a0\u00bb]<\/p>\n<h5><span style=\"color: #ffff;\">La brigade <\/span>des fins gourmets<\/h5>\n<p>Rejoignez la Brigade des Fins Gourmets pour acc\u00e9der librement \u00e0 des dizaines de recettes et autres outils inspirants cr\u00e9\u00e9s par des professionnels, pour des professionnels.<\/p>\n<p>[\/et_pb_text][et_pb_button button_text=\u00a0\u00bbContactez-nous\u00a0\u00bb _builder_version=\u00a0\u00bb4.22.1&Prime; _module_preset=\u00a0\u00bb48bf8e4e-2374-4873-8475-105579936714&Prime; button_bg_color=\u00a0\u00bb#F3B236&Prime; vertical_offset=\u00a0\u00bb-290px\u00a0\u00bb custom_margin=\u00a0\u00bb||||false|false\u00a0\u00bb global_colors_info=\u00a0\u00bb{}\u00a0\u00bb theme_builder_area=\u00a0\u00bbpost_content\u00a0\u00bb][\/et_pb_button][\/et_pb_column][\/et_pb_row][\/et_pb_section][et_pb_section fb_built=\u00a0\u00bb1&Prime; admin_label=\u00a0\u00bbBackground\u00a0\u00bb _builder_version=\u00a0\u00bb4.22.1&Prime; _module_preset=\u00a0\u00bbdefault\u00a0\u00bb background_image=\u00a0\u00bbhttps:\/\/candiaprofessional.be\/wp-content\/uploads\/2024\/04\/bg_blue.jpg\u00a0\u00bb background_size=\u00a0\u00bbinitial\u00a0\u00bb background_repeat=\u00a0\u00bbrepeat\u00a0\u00bb positioning=\u00a0\u00bbfixed\u00a0\u00bb custom_margin=\u00a0\u00bb||||false|false\u00a0\u00bb custom_css_main_element=\u00a0\u00bbheight:100vh;\u00a0\u00bb global_colors_info=\u00a0\u00bb{}\u00a0\u00bb theme_builder_area=\u00a0\u00bbpost_content\u00a0\u00bb][\/et_pb_section]<\/p>\n","protected":false},"excerpt":{"rendered":"<p>Les valeurs QUI NOUS INSPIREnt AUDACE La force de notre collectif et notre esprit d\u2019entreprendre nous donne l\u2019audace de consid\u00e9rer qu\u2019un nouveau mod\u00e8le de soci\u00e9t\u00e9 est possible. L\u2019audace est un moteur de progr\u00e8s. &nbsp; RESPECT Une valeur vivante qui s\u2019applique a\u0300 tous les domaines : le respect de l\u2019homme, de l\u2019animal et de la nature. [&hellip;]<\/p>\n","protected":false},"author":2,"featured_media":0,"parent":0,"menu_order":0,"comment_status":"closed","ping_status":"closed","template":"","meta":{"_et_pb_use_builder":"on","_et_pb_old_content":"","_et_gb_content_width":"","_monsterinsights_skip_tracking":false,"_monsterinsights_sitenote_active":false,"_monsterinsights_sitenote_note":"","_monsterinsights_sitenote_category":0,"footnotes":""},"dipi_cpt_category":[],"class_list":["post-242","page","type-page","status-publish","hentry"],"yoast_head":"<!-- This site is optimized with the Yoast SEO plugin v26.2 - https:\/\/yoast.com\/wordpress\/plugins\/seo\/ -->\n<title>Nos valeurs - Candia Professional<\/title>\n<meta name=\"robots\" content=\"index, follow, max-snippet:-1, max-image-preview:large, max-video-preview:-1\" \/>\n<link rel=\"canonical\" href=\"https:\/\/candiaprofessional.be\/nl\/nos-valeurs\/\" \/>\n<meta property=\"og:locale\" content=\"nl_NL\" \/>\n<meta property=\"og:type\" content=\"article\" \/>\n<meta property=\"og:title\" content=\"Nos valeurs - Candia Professional\" \/>\n<meta property=\"og:description\" content=\"Les valeurs QUI NOUS INSPIREnt AUDACE La force de notre collectif et notre esprit d\u2019entreprendre nous donne l\u2019audace de consid\u00e9rer qu\u2019un nouveau mod\u00e8le de soci\u00e9t\u00e9 est possible. L\u2019audace est un moteur de progr\u00e8s. &nbsp; RESPECT Une valeur vivante qui s\u2019applique a\u0300 tous les domaines : le respect de l\u2019homme, de l\u2019animal et de la nature. [&hellip;]\" \/>\n<meta property=\"og:url\" content=\"https:\/\/candiaprofessional.be\/nl\/nos-valeurs\/\" \/>\n<meta property=\"og:site_name\" content=\"Candia Professional\" \/>\n<meta name=\"twitter:card\" content=\"summary_large_image\" \/>\n<meta name=\"twitter:label1\" content=\"Geschatte leestijd\" \/>\n\t<meta name=\"twitter:data1\" content=\"5 minuten\" \/>\n<script type=\"application\/ld+json\" class=\"yoast-schema-graph\">{\"@context\":\"https:\/\/schema.org\",\"@graph\":[{\"@type\":\"WebPage\",\"@id\":\"https:\/\/candiaprofessional.be\/nos-valeurs\/\",\"url\":\"https:\/\/candiaprofessional.be\/nos-valeurs\/\",\"name\":\"Nos valeurs - Candia Professional\",\"isPartOf\":{\"@id\":\"https:\/\/candiaprofessional.be\/#website\"},\"datePublished\":\"2024-04-16T11:27:54+00:00\",\"breadcrumb\":{\"@id\":\"https:\/\/candiaprofessional.be\/nos-valeurs\/#breadcrumb\"},\"inLanguage\":\"nl-NL\",\"potentialAction\":[{\"@type\":\"ReadAction\",\"target\":[\"https:\/\/candiaprofessional.be\/nos-valeurs\/\"]}]},{\"@type\":\"BreadcrumbList\",\"@id\":\"https:\/\/candiaprofessional.be\/nos-valeurs\/#breadcrumb\",\"itemListElement\":[{\"@type\":\"ListItem\",\"position\":1,\"name\":\"Accueil\",\"item\":\"https:\/\/candiaprofessional.be\/\"},{\"@type\":\"ListItem\",\"position\":2,\"name\":\"Nos valeurs\"}]},{\"@type\":\"WebSite\",\"@id\":\"https:\/\/candiaprofessional.be\/#website\",\"url\":\"https:\/\/candiaprofessional.be\/\",\"name\":\"Candia Professional\",\"description\":\"Authentiques produits laitiers Fran\u00e7ais\",\"potentialAction\":[{\"@type\":\"SearchAction\",\"target\":{\"@type\":\"EntryPoint\",\"urlTemplate\":\"https:\/\/candiaprofessional.be\/?s={search_term_string}\"},\"query-input\":{\"@type\":\"PropertyValueSpecification\",\"valueRequired\":true,\"valueName\":\"search_term_string\"}}],\"inLanguage\":\"nl-NL\"}]}<\/script>\n<!-- \/ Yoast SEO plugin. -->","yoast_head_json":{"title":"Onze waarden","robots":{"index":"index","follow":"follow","max-snippet":"max-snippet:-1","max-image-preview":"max-image-preview:large","max-video-preview":"max-video-preview:-1"},"canonical":"https:\/\/candiaprofessional.be\/nl\/nos-valeurs\/","og_locale":"nl_NL","og_type":"article","og_title":"Nos valeurs - Candia Professional","og_description":"Les valeurs QUI NOUS INSPIREnt AUDACE La force de notre collectif et notre esprit d\u2019entreprendre nous donne l\u2019audace de consid\u00e9rer qu\u2019un nouveau mod\u00e8le de soci\u00e9t\u00e9 est possible. L\u2019audace est un moteur de progr\u00e8s. &nbsp; RESPECT Une valeur vivante qui s\u2019applique a\u0300 tous les domaines : le respect de l\u2019homme, de l\u2019animal et de la nature. [&hellip;]","og_url":"https:\/\/candiaprofessional.be\/nl\/nos-valeurs\/","og_site_name":"Candia Professional","twitter_card":"summary_large_image","twitter_misc":{"Geschatte leestijd":"5 minuten"},"schema":{"@context":"https:\/\/schema.org","@graph":[{"@type":"WebPage","@id":"https:\/\/candiaprofessional.be\/nos-valeurs\/","url":"https:\/\/candiaprofessional.be\/nos-valeurs\/","name":"Onze waarden","isPartOf":{"@id":"https:\/\/candiaprofessional.be\/#website"},"datePublished":"2024-04-16T11:27:54+00:00","breadcrumb":{"@id":"https:\/\/candiaprofessional.be\/nos-valeurs\/#breadcrumb"},"inLanguage":"nl-NL","potentialAction":[{"@type":"ReadAction","target":["https:\/\/candiaprofessional.be\/nos-valeurs\/"]}]},{"@type":"BreadcrumbList","@id":"https:\/\/candiaprofessional.be\/nos-valeurs\/#breadcrumb","itemListElement":[{"@type":"ListItem","position":1,"name":"Accueil","item":"https:\/\/candiaprofessional.be\/"},{"@type":"ListItem","position":2,"name":"Nos valeurs"}]},{"@type":"WebSite","@id":"https:\/\/candiaprofessional.be\/#website","url":"https:\/\/candiaprofessional.be\/","name":"Candia Professional","description":"Authentieke Franse zuivelproducten","potentialAction":[{"@type":"SearchAction","target":{"@type":"EntryPoint","urlTemplate":"https:\/\/candiaprofessional.be\/?s={search_term_string}"},"query-input":{"@type":"PropertyValueSpecification","valueRequired":true,"valueName":"search_term_string"}}],"inLanguage":"nl-NL"}]}},"_links":{"self":[{"href":"https:\/\/candiaprofessional.be\/nl\/wp-json\/wp\/v2\/pages\/242","targetHints":{"allow":["GET"]}}],"collection":[{"href":"https:\/\/candiaprofessional.be\/nl\/wp-json\/wp\/v2\/pages"}],"about":[{"href":"https:\/\/candiaprofessional.be\/nl\/wp-json\/wp\/v2\/types\/page"}],"author":[{"embeddable":true,"href":"https:\/\/candiaprofessional.be\/nl\/wp-json\/wp\/v2\/users\/2"}],"replies":[{"embeddable":true,"href":"https:\/\/candiaprofessional.be\/nl\/wp-json\/wp\/v2\/comments?post=242"}],"version-history":[{"count":2,"href":"https:\/\/candiaprofessional.be\/nl\/wp-json\/wp\/v2\/pages\/242\/revisions"}],"predecessor-version":[{"id":246,"href":"https:\/\/candiaprofessional.be\/nl\/wp-json\/wp\/v2\/pages\/242\/revisions\/246"}],"wp:attachment":[{"href":"https:\/\/candiaprofessional.be\/nl\/wp-json\/wp\/v2\/media?parent=242"}],"wp:term":[{"taxonomy":"dipi_cpt_category","embeddable":true,"href":"https:\/\/candiaprofessional.be\/nl\/wp-json\/wp\/v2\/dipi_cpt_category?post=242"}],"curies":[{"name":"wp","href":"https:\/\/api.w.org\/{rel}","templated":true}]}}