{"id":401,"date":"2024-04-18T12:32:12","date_gmt":"2024-04-18T10:32:12","guid":{"rendered":"http:\/\/lvyvwux.cluster023.hosting.ovh.net\/?page_id=401"},"modified":"2024-04-23T18:11:20","modified_gmt":"2024-04-23T16:11:20","slug":"nos-produits","status":"publish","type":"page","link":"https:\/\/candiaprofessional.be\/nl\/nos-produits\/","title":{"rendered":"Onze producten"},"content":{"rendered":"<p>[et_pb_section fb_built=\u00a0\u00bb1&Prime; admin_label=\u00a0\u00bbTitre\u00a0\u00bb _builder_version=\u00a0\u00bb4.22.1&Prime; _module_preset=\u00a0\u00bbdefault\u00a0\u00bb background_color=\u00a0\u00bbrgba(0,0,0,0.43)\u00a0\u00bb background_image=\u00a0\u00bbhttps:\/\/candiaprofessional.be\/wp-content\/uploads\/2024\/04\/header-produits-1600&#215;900-c-default-2.jpg\u00a0\u00bb background_blend=\u00a0\u00bbmultiply\u00a0\u00bb z_index=\u00a0\u00bb30&Prime; custom_padding=\u00a0\u00bb235px||235px||true|\u00a0\u00bb hover_enabled=\u00a0\u00bb0&Prime; global_colors_info=\u00a0\u00bb{}\u00a0\u00bb sticky_enabled=\u00a0\u00bb0&Prime;][et_pb_row _builder_version=\u00a0\u00bb4.22.1&Prime; _module_preset=\u00a0\u00bbdefault\u00a0\u00bb global_colors_info=\u00a0\u00bb{}\u00a0\u00bb][et_pb_column type=\u00a0\u00bb4_4&Prime; _builder_version=\u00a0\u00bb4.22.1&Prime; _module_preset=\u00a0\u00bbdefault\u00a0\u00bb global_colors_info=\u00a0\u00bb{}\u00a0\u00bb][et_pb_text _builder_version=\u00a0\u00bb4.22.1&Prime; _module_preset=\u00a0\u00bbae96264e-0694-419a-91ee-7872758643c0&Prime; text_font=\u00a0\u00bbOxygen||||||||\u00a0\u00bb text_text_color=\u00a0\u00bb#FFFFFF\u00a0\u00bb text_font_size=\u00a0\u00bb15px\u00a0\u00bb header_2_font=\u00a0\u00bbTrade Gothic LT STD|||on|||||\u00a0\u00bb header_2_letter_spacing=\u00a0\u00bb-1px\u00a0\u00bb header_3_font_size=\u00a0\u00bb90px\u00a0\u00bb header_3_letter_spacing=\u00a0\u00bb5px\u00a0\u00bb header_3_line_height=\u00a0\u00bb0.7em\u00a0\u00bb positioning=\u00a0\u00bbnone\u00a0\u00bb position_origin_a=\u00a0\u00bbtop_left\u00a0\u00bb vertical_offset=\u00a0\u00bb-350px\u00a0\u00bb module_alignment=\u00a0\u00bbcenter\u00a0\u00bb scroll_vertical_motion=\u00a0\u00bb0|50|50|91|2|0|-2&Prime; motion_trigger_start=\u00a0\u00bbtop\u00a0\u00bb global_colors_info=\u00a0\u00bb{}\u00a0\u00bb]<\/p>\n<h3 style=\"text-align: center;\">Des produits de qualit\u00e9<\/h3>\n<h2 style=\"text-align: center;\">pour vous inspirer.<\/h2>\n<p style=\"text-align: center;\">Une gamme compl\u00e8te et technique de cr\u00e8mes et beurres fran\u00e7ais.<\/p>\n<p>[\/et_pb_text][\/et_pb_column][\/et_pb_row][\/et_pb_section][et_pb_section fb_built=\u00a0\u00bb1&Prime; admin_label=\u00a0\u00bbSection\u00a0\u00bb _builder_version=\u00a0\u00bb4.22.1&Prime; _module_preset=\u00a0\u00bbdefault\u00a0\u00bb background_enable_image=\u00a0\u00bboff\u00a0\u00bb background_repeat=\u00a0\u00bbrepeat\u00a0\u00bb custom_margin=\u00a0\u00bb||0px||false|false\u00a0\u00bb custom_padding=\u00a0\u00bb||0px||false|false\u00a0\u00bb global_colors_info=\u00a0\u00bb{}\u00a0\u00bb][et_pb_row _builder_version=\u00a0\u00bb4.22.1&Prime; _module_preset=\u00a0\u00bbdefault\u00a0\u00bb global_colors_info=\u00a0\u00bb{}\u00a0\u00bb][et_pb_column type=\u00a0\u00bb4_4&Prime; _builder_version=\u00a0\u00bb4.22.1&Prime; _module_preset=\u00a0\u00bbdefault\u00a0\u00bb global_colors_info=\u00a0\u00bb{}\u00a0\u00bb][dipi_filterable_grid include_term_ids_of_dipi_cpt_category=\u00a0\u00bb9&Prime; row_height=\u00a0\u00bb300px\u00a0\u00bb gutter=\u00a0\u00bb50&Prime; show_post_title=\u00a0\u00bbon\u00a0\u00bb show_post_excerpt=\u00a0\u00bbon\u00a0\u00bb excerpt_length=\u00a0\u00bb120&Prime; use_post_link=\u00a0\u00bbon\u00a0\u00bb use_overlay=\u00a0\u00bboff\u00a0\u00bb overlay_padding=\u00a0\u00bb30px|30px|30px|30px|false|false\u00a0\u00bb columns_tablet=\u00a0\u00bb\u00a0\u00bb columns_phone=\u00a0\u00bb2&Prime; columns_last_edited=\u00a0\u00bbon|phone\u00a0\u00bb row_height_tablet=\u00a0\u00bb300px\u00a0\u00bb row_height_phone=\u00a0\u00bb140px\u00a0\u00bb row_height_last_edited=\u00a0\u00bbon|phone\u00a0\u00bb _builder_version=\u00a0\u00bb4.22.1&Prime; _module_preset=\u00a0\u00bbf4f5f55e-cf7c-4bd5-9a52-237e29aaffa3&Prime; link_text_align=\u00a0\u00bbcenter\u00a0\u00bb header_1_text_align=\u00a0\u00bbcenter\u00a0\u00bb grid_item_title_text_align=\u00a0\u00bbcenter\u00a0\u00bb grid_item_excerpt_text_color=\u00a0\u00bb#FFFFFF\u00a0\u00bb custom_margin=\u00a0\u00bb||||false|false\u00a0\u00bb custom_padding=\u00a0\u00bb||||false|false\u00a0\u00bb hover_enabled=\u00a0\u00bb0&Prime; global_colors_info=\u00a0\u00bb{}\u00a0\u00bb read_more=\u00a0\u00bbon\u00a0\u00bb read_more_text=\u00a0\u00bbVoir le produit\u00a0\u00bb excerpt_text_color=\u00a0\u00bb#FFFFFF\u00a0\u00bb custom_read_more=\u00a0\u00bbon\u00a0\u00bb read_more_text_size=\u00a0\u00bb15px\u00a0\u00bb read_more_bg_color=\u00a0\u00bb#F3B236&Prime; read_more_bg_enable_color=\u00a0\u00bbon\u00a0\u00bb read_more_border_color=\u00a0\u00bb#F3B236&Prime; read_more_border_radius=\u00a0\u00bb0px\u00a0\u00bb read_more_icon=\u00a0\u00bb&#x24;||divi||400&Prime; read_more_icon_color=\u00a0\u00bb#FFFFFF\u00a0\u00bb read_more_alignment=\u00a0\u00bbcenter\u00a0\u00bb read_more_custom_padding=\u00a0\u00bb8px||||false|false\u00a0\u00bb read_more_custom_padding_last_edited=\u00a0\u00bboff|desktop\u00a0\u00bb read_more_custom_padding__hover_enabled=\u00a0\u00bbon|desktop\u00a0\u00bb sticky_enabled=\u00a0\u00bb0&Prime; read_more_custom_padding__hover=\u00a0\u00bb8px||||false|false\u00a0\u00bb custom_css_grid_item_img=\u00a0\u00bbobject-fit: contain;||max-height:280px;\u00a0\u00bb use_thumbnails=\u00a0\u00bbon\u00a0\u00bb][\/dipi_filterable_grid][\/et_pb_column][\/et_pb_row][\/et_pb_section][et_pb_section fb_built=\u00a0\u00bb1&Prime; admin_label=\u00a0\u00bbContact\u00a0\u00bb _builder_version=\u00a0\u00bb4.22.1&Prime; _module_preset=\u00a0\u00bbdefault\u00a0\u00bb background_color=\u00a0\u00bbRGBA(255,255,255,0)\u00a0\u00bb background_enable_image=\u00a0\u00bboff\u00a0\u00bb background_repeat=\u00a0\u00bbrepeat\u00a0\u00bb custom_margin=\u00a0\u00bb||100px||false|false\u00a0\u00bb custom_padding=\u00a0\u00bb||||false|false\u00a0\u00bb global_module=\u00a0\u00bb153&Prime; saved_tabs=\u00a0\u00bball\u00a0\u00bb global_colors_info=\u00a0\u00bb{}\u00a0\u00bb][et_pb_row _builder_version=\u00a0\u00bb4.22.1&Prime; _module_preset=\u00a0\u00bbdefault\u00a0\u00bb width=\u00a0\u00bb90%\u00a0\u00bb max_width=\u00a0\u00bb1200px\u00a0\u00bb global_colors_info=\u00a0\u00bb{}\u00a0\u00bb][et_pb_column type=\u00a0\u00bb4_4&Prime; _builder_version=\u00a0\u00bb4.22.1&Prime; _module_preset=\u00a0\u00bbdefault\u00a0\u00bb global_colors_info=\u00a0\u00bb{}\u00a0\u00bb][et_pb_text content_tablet=\u00a0\u00bb\u00a0\u00bb content_phone=\u00a0\u00bb<\/p>\n<h3 style=%22text-align: center;%22>Et si<\/h3>\n<h2 style=%22text-align: center;%22>on cr\u00e9ait<br \/>ensemble?<\/h2>\n<p>\u00a0\u00bb content_last_edited=\u00a0\u00bbon|phone\u00a0\u00bb _builder_version=\u00a0\u00bb4.22.1&Prime; _module_preset=\u00a0\u00bbae96264e-0694-419a-91ee-7872758643c0&Prime; header_2_font=\u00a0\u00bbTrade Gothic LT STD|||on|||||\u00a0\u00bb position_origin_a=\u00a0\u00bbbottom_left\u00a0\u00bb vertical_offset_tablet=\u00a0\u00bb\u00a0\u00bb vertical_offset_phone=\u00a0\u00bb200px\u00a0\u00bb vertical_offset_last_edited=\u00a0\u00bbon|phone\u00a0\u00bb position_origin_a_tablet=\u00a0\u00bb\u00a0\u00bb position_origin_a_phone=\u00a0\u00bbbottom_center\u00a0\u00bb position_origin_a_last_edited=\u00a0\u00bbon|phone\u00a0\u00bb position_origin_f_tablet=\u00a0\u00bb\u00a0\u00bb position_origin_f_phone=\u00a0\u00bb\u00a0\u00bb position_origin_f_last_edited=\u00a0\u00bbon|phone\u00a0\u00bb position_origin_r_tablet=\u00a0\u00bb\u00a0\u00bb position_origin_r_phone=\u00a0\u00bb\u00a0\u00bb position_origin_r_last_edited=\u00a0\u00bbon|phone\u00a0\u00bb scroll_vertical_motion_enable=\u00a0\u00bbon\u00a0\u00bb scroll_vertical_motion=\u00a0\u00bb0|50|50|91|2|0|-1&Prime; motion_trigger_start=\u00a0\u00bbtop\u00a0\u00bb positioning_tablet=\u00a0\u00bb\u00a0\u00bb positioning_phone=\u00a0\u00bbrelative\u00a0\u00bb positioning_last_edited=\u00a0\u00bbon|phone\u00a0\u00bb global_colors_info=\u00a0\u00bb{}\u00a0\u00bb]<\/p>\n<h3 style=\"text-align: center;\">Et si<\/h3>\n<h2 style=\"text-align: center;\">on<br \/>cr\u00e9ait<br \/>ensemble?<\/h2>\n<p>[\/et_pb_text][et_pb_image src=\u00a0\u00bbhttps:\/\/candiaprofessional.be\/wp-content\/uploads\/2024\/04\/6-chef.png\u00a0\u00bb align=\u00a0\u00bbcenter\u00a0\u00bb _builder_version=\u00a0\u00bb4.22.1&Prime; _module_preset=\u00a0\u00bbdefault\u00a0\u00bb transform_translate_linked=\u00a0\u00bboff\u00a0\u00bb position_origin_a=\u00a0\u00bbtop_center\u00a0\u00bb z_index=\u00a0\u00bb2&Prime; module_alignment=\u00a0\u00bbcenter\u00a0\u00bb overflow-x=\u00a0\u00bbhidden\u00a0\u00bb global_colors_info=\u00a0\u00bb{}\u00a0\u00bb][\/et_pb_image][\/et_pb_column][\/et_pb_row][et_pb_row column_structure=\u00a0\u00bb1_3,1_3,1_3&Prime; use_custom_gutter=\u00a0\u00bbon\u00a0\u00bb gutter_width=\u00a0\u00bb2&Prime; _builder_version=\u00a0\u00bb4.22.1&Prime; _module_preset=\u00a0\u00bbdefault\u00a0\u00bb positioning=\u00a0\u00bbabsolute\u00a0\u00bb position_origin_a=\u00a0\u00bbbottom_center\u00a0\u00bb vertical_offset=\u00a0\u00bb211px\u00a0\u00bb z_index=\u00a0\u00bb10&Prime; width=\u00a0\u00bb90%\u00a0\u00bb max_width=\u00a0\u00bb1200px\u00a0\u00bb global_colors_info=\u00a0\u00bb{}\u00a0\u00bb][et_pb_column type=\u00a0\u00bb1_3&Prime; _builder_version=\u00a0\u00bb4.22.1&Prime; _module_preset=\u00a0\u00bbdefault\u00a0\u00bb global_colors_info=\u00a0\u00bb{}\u00a0\u00bb][et_pb_image src=\u00a0\u00bbhttps:\/\/candiaprofessional.be\/wp-content\/uploads\/2024\/04\/6-product.png\u00a0\u00bb disabled_on=\u00a0\u00bbon|off|off\u00a0\u00bb _builder_version=\u00a0\u00bb4.22.1&Prime; _module_preset=\u00a0\u00bbdefault\u00a0\u00bb max_width=\u00a0\u00bb189px\u00a0\u00bb module_alignment=\u00a0\u00bbleft\u00a0\u00bb scroll_vertical_motion_enable=\u00a0\u00bbon\u00a0\u00bb scroll_vertical_motion=\u00a0\u00bb0|32|32|72|4|0|-4&Prime; global_colors_info=\u00a0\u00bb{}\u00a0\u00bb][\/et_pb_image][\/et_pb_column][et_pb_column type=\u00a0\u00bb1_3&Prime; _builder_version=\u00a0\u00bb4.22.1&Prime; _module_preset=\u00a0\u00bbdefault\u00a0\u00bb global_colors_info=\u00a0\u00bb{}\u00a0\u00bb][\/et_pb_column][et_pb_column type=\u00a0\u00bb1_3&Prime; _builder_version=\u00a0\u00bb4.22.1&Prime; _module_preset=\u00a0\u00bbdefault\u00a0\u00bb global_colors_info=\u00a0\u00bb{}\u00a0\u00bb][et_pb_text _builder_version=\u00a0\u00bb4.22.1&Prime; _module_preset=\u00a0\u00bbdefault\u00a0\u00bb header_5_font=\u00a0\u00bbTrade Gothic LT STD|||on|||||\u00a0\u00bb header_5_text_color=\u00a0\u00bb#e44c38&Prime; header_5_letter_spacing=\u00a0\u00bb-1px\u00a0\u00bb positioning=\u00a0\u00bbabsolute\u00a0\u00bb vertical_offset=\u00a0\u00bb-220px\u00a0\u00bb header_5_text_align_tablet=\u00a0\u00bb\u00a0\u00bb header_5_text_align_phone=\u00a0\u00bbcenter\u00a0\u00bb header_5_text_align_last_edited=\u00a0\u00bbon|phone\u00a0\u00bb text_orientation_tablet=\u00a0\u00bb\u00a0\u00bb text_orientation_phone=\u00a0\u00bbcenter\u00a0\u00bb text_orientation_last_edited=\u00a0\u00bbon|phone\u00a0\u00bb global_colors_info=\u00a0\u00bb{}\u00a0\u00bb]<\/p>\n<h5><span style=\"color: #ffff;\">La brigade <\/span>des fins gourmets<\/h5>\n<p>Rejoignez la Brigade des Fins Gourmets pour acc\u00e9der librement \u00e0 des dizaines de recettes et autres outils inspirants cr\u00e9\u00e9s par des professionnels, pour des professionnels.<\/p>\n<p>[\/et_pb_text][et_pb_button button_url=\u00a0\u00bb@ET-DC@eyJkeW5hbWljIjp0cnVlLCJjb250ZW50IjoicG9zdF9saW5rX3VybF9wYWdlIiwic2V0dGluZ3MiOnsicG9zdF9pZCI6IjQ1NiJ9fQ==@\u00a0\u00bb button_text=\u00a0\u00bbContactez-nous\u00a0\u00bb button_alignment=\u00a0\u00bbleft\u00a0\u00bb button_alignment_tablet=\u00a0\u00bb\u00a0\u00bb button_alignment_phone=\u00a0\u00bb\u00a0\u00bb button_alignment_last_edited=\u00a0\u00bbon|phone\u00a0\u00bb _builder_version=\u00a0\u00bb4.22.1&Prime; _dynamic_attributes=\u00a0\u00bbbutton_url\u00a0\u00bb _module_preset=\u00a0\u00bb48bf8e4e-2374-4873-8475-105579936714&Prime; button_bg_color=\u00a0\u00bb#F3B236&Prime; vertical_offset=\u00a0\u00bb-300px\u00a0\u00bb horizontal_offset=\u00a0\u00bb70px\u00a0\u00bb position_origin_a_tablet=\u00a0\u00bb\u00a0\u00bb position_origin_a_phone=\u00a0\u00bbbottom_left\u00a0\u00bb position_origin_a_last_edited=\u00a0\u00bbon|phone\u00a0\u00bb position_origin_f_tablet=\u00a0\u00bb\u00a0\u00bb position_origin_f_phone=\u00a0\u00bb\u00a0\u00bb position_origin_f_last_edited=\u00a0\u00bbon|phone\u00a0\u00bb position_origin_r_tablet=\u00a0\u00bb\u00a0\u00bb position_origin_r_phone=\u00a0\u00bbbottom_left\u00a0\u00bb position_origin_r_last_edited=\u00a0\u00bbon|phone\u00a0\u00bb custom_margin=\u00a0\u00bb||||false|false\u00a0\u00bb positioning_tablet=\u00a0\u00bb\u00a0\u00bb positioning_phone=\u00a0\u00bbabsolute\u00a0\u00bb positioning_last_edited=\u00a0\u00bbon|phone\u00a0\u00bb global_colors_info=\u00a0\u00bb{}\u00a0\u00bb][\/et_pb_button][\/et_pb_column][\/et_pb_row][\/et_pb_section][et_pb_section fb_built=\u00a0\u00bb1&Prime; admin_label=\u00a0\u00bbBackground\u00a0\u00bb _builder_version=\u00a0\u00bb4.22.1&Prime; _module_preset=\u00a0\u00bbdefault\u00a0\u00bb background_image=\u00a0\u00bbhttps:\/\/candiaprofessional.be\/wp-content\/uploads\/2024\/04\/bg_blue.jpg\u00a0\u00bb background_size=\u00a0\u00bbinitial\u00a0\u00bb background_repeat=\u00a0\u00bbrepeat\u00a0\u00bb positioning=\u00a0\u00bbfixed\u00a0\u00bb custom_margin=\u00a0\u00bb||||false|false\u00a0\u00bb custom_css_main_element=\u00a0\u00bbheight:100vh;\u00a0\u00bb global_colors_info=\u00a0\u00bb{}\u00a0\u00bb][\/et_pb_section]<\/p>\n","protected":false},"excerpt":{"rendered":"<p>Des produits de qualit\u00e9 pour vous inspirer. Une gamme compl\u00e8te et technique de cr\u00e8mes et beurres fran\u00e7ais.<div class=\"et_pb_module dipi_filterable_grid dipi_filterable_grid_0\">\n\t\t\t\t\n\t\t\t\t\n\t\t\t\t\n\t\t\t\t\n\t\t\t\t\n\t\t\t\t\n\t\t\t\t<div class=\"et_pb_module_inner\">\n\t\t\t\t\t<div class=\"dipi_filterable_grid_wrapper\" data-config=\"{&quot;infinite_scroll_viewport&quot;:&quot;25%&quot;}\">\n                <div class=\"dipi-filter-bar\" data-items-count=\"1\">\n                \n                <div class=\"dipi-filter-bar-item dipi-filter-bar-item-0 active\"\n                    data-index=\"0\"\n                    data-term=\"All\"\n                >\n                    <div class=\"dipi-filter-bar-item-title\">\n                        <div class=\"dipi-filter-bar-name\">All<\/div>\n                        \n                    <\/div>\n                    <div class=\"dipi-filter-bar-item-desc\"><\/div>\n                <\/div>\n                \n            <\/div>\n           \n            <div\n                class=\"dipi-filtered-posts-container\"\n                data-items-count=\"1\"\n            >\n                \n                <div\n                    class=\"dipi-filtered-posts-item                        dipi-filtered-posts-item-0                        active                        animated                        none\"\n                    data-index=\"0\"\n                    data-term=\"All\"\n                    data-count=\"0\"\n                    data-anim=\"none\"\n                    \n                >\n                    <div class=\"grid show_lightbox show_lightbox_tablet show_lightbox_phone hide_overlay\" data-lazy=\"false\" data-config=\"{&quot;grid_layout&quot;:&quot;masonry&quot;}\">\n                        <div class=\"grid-sizer\"><\/div><div class=\"gutter-sizer\"><\/div>\n                    <\/div>\n                    \n                <\/div>\n             <\/div>\n            <\/div>\n           \n\t\t\t\t<\/div>\n\t\t\t<\/div><\/p>","protected":false},"author":2,"featured_media":0,"parent":0,"menu_order":0,"comment_status":"closed","ping_status":"closed","template":"","meta":{"_et_pb_use_builder":"on","_et_pb_old_content":"","_et_gb_content_width":"","_monsterinsights_skip_tracking":false,"_monsterinsights_sitenote_active":false,"_monsterinsights_sitenote_note":"","_monsterinsights_sitenote_category":0,"footnotes":""},"dipi_cpt_category":[],"class_list":["post-401","page","type-page","status-publish","hentry"],"yoast_head":"<!-- This site is optimized with the Yoast SEO plugin v26.2 - https:\/\/yoast.com\/wordpress\/plugins\/seo\/ -->\n<title>Nos produits - Candia Professional<\/title>\n<meta name=\"robots\" content=\"index, follow, max-snippet:-1, max-image-preview:large, max-video-preview:-1\" \/>\n<link rel=\"canonical\" href=\"https:\/\/candiaprofessional.be\/nl\/nos-produits\/\" \/>\n<meta property=\"og:locale\" content=\"nl_NL\" \/>\n<meta property=\"og:type\" content=\"article\" \/>\n<meta property=\"og:title\" content=\"Nos produits - Candia Professional\" \/>\n<meta property=\"og:description\" content=\"Des produits de qualit\u00e9 pour vous inspirer. Une gamme compl\u00e8te et technique de cr\u00e8mes et beurres fran\u00e7ais.\" \/>\n<meta property=\"og:url\" content=\"https:\/\/candiaprofessional.be\/nl\/nos-produits\/\" \/>\n<meta property=\"og:site_name\" content=\"Candia Professional\" \/>\n<meta property=\"article:modified_time\" content=\"2024-04-23T16:11:20+00:00\" \/>\n<meta name=\"twitter:card\" content=\"summary_large_image\" \/>\n<meta name=\"twitter:label1\" content=\"Geschatte leestijd\" \/>\n\t<meta name=\"twitter:data1\" content=\"6 minuten\" \/>\n<script type=\"application\/ld+json\" class=\"yoast-schema-graph\">{\"@context\":\"https:\/\/schema.org\",\"@graph\":[{\"@type\":\"WebPage\",\"@id\":\"https:\/\/candiaprofessional.be\/nl\/nos-produits\/\",\"url\":\"https:\/\/candiaprofessional.be\/nl\/nos-produits\/\",\"name\":\"Nos produits - Candia Professional\",\"isPartOf\":{\"@id\":\"https:\/\/candiaprofessional.be\/#website\"},\"datePublished\":\"2024-04-18T10:32:12+00:00\",\"dateModified\":\"2024-04-23T16:11:20+00:00\",\"breadcrumb\":{\"@id\":\"https:\/\/candiaprofessional.be\/nl\/nos-produits\/#breadcrumb\"},\"inLanguage\":\"nl-NL\",\"potentialAction\":[{\"@type\":\"ReadAction\",\"target\":[\"https:\/\/candiaprofessional.be\/nl\/nos-produits\/\"]}]},{\"@type\":\"BreadcrumbList\",\"@id\":\"https:\/\/candiaprofessional.be\/nl\/nos-produits\/#breadcrumb\",\"itemListElement\":[{\"@type\":\"ListItem\",\"position\":1,\"name\":\"Accueil\",\"item\":\"https:\/\/candiaprofessional.be\/\"},{\"@type\":\"ListItem\",\"position\":2,\"name\":\"Nos produits\"}]},{\"@type\":\"WebSite\",\"@id\":\"https:\/\/candiaprofessional.be\/#website\",\"url\":\"https:\/\/candiaprofessional.be\/\",\"name\":\"Candia Professional\",\"description\":\"Authentiques produits laitiers Fran\u00e7ais\",\"potentialAction\":[{\"@type\":\"SearchAction\",\"target\":{\"@type\":\"EntryPoint\",\"urlTemplate\":\"https:\/\/candiaprofessional.be\/?s={search_term_string}\"},\"query-input\":{\"@type\":\"PropertyValueSpecification\",\"valueRequired\":true,\"valueName\":\"search_term_string\"}}],\"inLanguage\":\"nl-NL\"}]}<\/script>\n<!-- \/ Yoast SEO plugin. -->","yoast_head_json":{"title":"Onze producten - Candia Professional","robots":{"index":"index","follow":"follow","max-snippet":"max-snippet:-1","max-image-preview":"max-image-preview:large","max-video-preview":"max-video-preview:-1"},"canonical":"https:\/\/candiaprofessional.be\/nl\/nos-produits\/","og_locale":"nl_NL","og_type":"article","og_title":"Nos produits - Candia Professional","og_description":"Des produits de qualit\u00e9 pour vous inspirer. Une gamme compl\u00e8te et technique de cr\u00e8mes et beurres fran\u00e7ais.","og_url":"https:\/\/candiaprofessional.be\/nl\/nos-produits\/","og_site_name":"Candia Professional","article_modified_time":"2024-04-23T16:11:20+00:00","twitter_card":"summary_large_image","twitter_misc":{"Geschatte leestijd":"6 minuten"},"schema":{"@context":"https:\/\/schema.org","@graph":[{"@type":"WebPage","@id":"https:\/\/candiaprofessional.be\/nl\/nos-produits\/","url":"https:\/\/candiaprofessional.be\/nl\/nos-produits\/","name":"Onze producten - Candia Professional","isPartOf":{"@id":"https:\/\/candiaprofessional.be\/#website"},"datePublished":"2024-04-18T10:32:12+00:00","dateModified":"2024-04-23T16:11:20+00:00","breadcrumb":{"@id":"https:\/\/candiaprofessional.be\/nl\/nos-produits\/#breadcrumb"},"inLanguage":"nl-NL","potentialAction":[{"@type":"ReadAction","target":["https:\/\/candiaprofessional.be\/nl\/nos-produits\/"]}]},{"@type":"BreadcrumbList","@id":"https:\/\/candiaprofessional.be\/nl\/nos-produits\/#breadcrumb","itemListElement":[{"@type":"ListItem","position":1,"name":"Accueil","item":"https:\/\/candiaprofessional.be\/"},{"@type":"ListItem","position":2,"name":"Nos produits"}]},{"@type":"WebSite","@id":"https:\/\/candiaprofessional.be\/#website","url":"https:\/\/candiaprofessional.be\/","name":"Candia Professional","description":"Authentieke Franse zuivelproducten","potentialAction":[{"@type":"SearchAction","target":{"@type":"EntryPoint","urlTemplate":"https:\/\/candiaprofessional.be\/?s={search_term_string}"},"query-input":{"@type":"PropertyValueSpecification","valueRequired":true,"valueName":"search_term_string"}}],"inLanguage":"nl-NL"}]}},"_links":{"self":[{"href":"https:\/\/candiaprofessional.be\/nl\/wp-json\/wp\/v2\/pages\/401","targetHints":{"allow":["GET"]}}],"collection":[{"href":"https:\/\/candiaprofessional.be\/nl\/wp-json\/wp\/v2\/pages"}],"about":[{"href":"https:\/\/candiaprofessional.be\/nl\/wp-json\/wp\/v2\/types\/page"}],"author":[{"embeddable":true,"href":"https:\/\/candiaprofessional.be\/nl\/wp-json\/wp\/v2\/users\/2"}],"replies":[{"embeddable":true,"href":"https:\/\/candiaprofessional.be\/nl\/wp-json\/wp\/v2\/comments?post=401"}],"version-history":[{"count":5,"href":"https:\/\/candiaprofessional.be\/nl\/wp-json\/wp\/v2\/pages\/401\/revisions"}],"predecessor-version":[{"id":635,"href":"https:\/\/candiaprofessional.be\/nl\/wp-json\/wp\/v2\/pages\/401\/revisions\/635"}],"wp:attachment":[{"href":"https:\/\/candiaprofessional.be\/nl\/wp-json\/wp\/v2\/media?parent=401"}],"wp:term":[{"taxonomy":"dipi_cpt_category","embeddable":true,"href":"https:\/\/candiaprofessional.be\/nl\/wp-json\/wp\/v2\/dipi_cpt_category?post=401"}],"curies":[{"name":"wp","href":"https:\/\/api.w.org\/{rel}","templated":true}]}}