{"id":800,"date":"2024-07-15T18:09:25","date_gmt":"2024-07-15T16:09:25","guid":{"rendered":"http:\/\/lvyvwux.cluster023.hosting.ovh.net\/cookies\/"},"modified":"2024-07-16T11:21:10","modified_gmt":"2024-07-16T09:21:10","slug":"cookies","status":"publish","type":"page","link":"https:\/\/candiaprofessional.be\/nl\/cookies\/","title":{"rendered":"Cookiebeleid"},"content":{"rendered":"<p>Wanneer u deze Site bezoekt, worden tracers\/cookies in de browser van uw terminal (computer, tablet of mobiele telefoon) geplaatst. Ze leggen informatie tijdelijk of permanent vast. Een sessiecookie blijft alleen tijdens de browsersessie bestaan en wordt verwijderd wanneer de browser wordt gesloten. Een permanente cookie wordt voor een bepaalde periode ge\u00efnstalleerd. Dit type cookie blijft in de terminal totdat het verloopt of totdat het van de computer wordt verwijderd via de browserinstellingen of extensies.&nbsp;<\/p>\n\n\n\n<p>Cookies hebben verschillende functies en geven informatie over de Gebruiker van de Site. Sommige cookies zijn nodig om de optimale werking van de Site te garanderen. Andere registreren statistieken en cijfers over het verkeer op de Site (aantal bezoekers op elke pagina, geografische herkomst van de apparaten die worden gebruikt om de Site te bezoeken, etc.) en statistieken over de raadpleging en het gebruik van Site-elementen (doorbladerde secties en inhoud, duur van het bezoek, etc.). Ze maken ook de integratie van aanvullende diensten mogelijk, zoals het delen van Site-inhoud via sociale netwerken. Cookies kunnen van ons afkomstig zijn (first-party cookies) of van derde partijen (third-party cookies).<\/p>\n\n\n\n<p>U bent niet verplicht om het gebruik van cookies te accepteren. We nodigen u uit om vertrouwd te raken met het doel ervan en om cookies te selecteren of te weigeren op basis van uw browsingvoorkeuren in het toestemmingsformulier voor cookies. U kunt uw internetbrowser ook zo instellen dat u wordt ge\u00efnformeerd dat er cookies worden geplaatst en dat u cookies alleen in bepaalde gevallen toestaat, of in het algemeen dat u kunt activeren dat cookies automatisch worden verwijderd wanneer u uw browser afsluit.<\/p>\n\n\n\n<h4 class=\"wp-block-heading\">Cookies op onze site<\/h4>\n\n\n\n<p>Cookies die nodig zijn om de site optimaal te laten functioneren.&nbsp;<\/p>\n\n\n\n<p>Ze zijn essentieel voor het surfen op de site of voor het leveren van een uitdrukkelijk door de gebruiker gevraagde dienst. Ze stellen u in staat de belangrijkste functies van de site te gebruiken en uw verbinding te beveiligen. Deze cookies kunnen niet worden gedeactiveerd of geconfigureerd, anders hebt u geen toegang meer tot de site of de services en\/of kan de weergave ervan worden gewijzigd. Deze cookies slaan geen persoonlijk identificeerbare informatie op. Hun levensduur is over het algemeen niet langer dan de duur van de sessie.<\/p>\n\n\n\n<h4 class=\"wp-block-heading\">Functionele cookies&nbsp;<\/h4>\n\n\n\n<p>Ze worden gebruikt om de functionaliteit van de site te verbeteren en diensten te integreren om de interactiviteit of personalisatie van de site te verbeteren (de presentatie aanpassen aan de weergavevoorkeuren van uw terminal: gebruikte taal, schermresolutie, gebruikt besturingssysteem, enz.) Ze kunnen door ons worden ge\u00efnstalleerd of door externe leveranciers wiens diensten we aan onze pagina's hebben toegevoegd. Als u deze cookies niet toestaat, is het mogelijk dat sommige of al deze diensten niet correct functioneren.&nbsp;<\/p>\n\n\n\n<h4 class=\"wp-block-heading\">Analytische of prestatiecookies<\/h4>\n\n\n\n<p>Ze worden gebruikt om het gebruik en de prestaties van de Site te controleren, om statistieken op te stellen over het aantal bezoekers (publieksmeting) en over het gebruik van de verschillende elementen waaruit de Site bestaat. U kunt ze blokkeren via uw browserinstellingen of ze op elk moment weigeren door uw toestemming voor cookies aan te passen.&nbsp;<\/p>\n\n\n\n<p>Onze website maakt gebruik van \"Google Analytics\" als instrument voor publieksanalyse. Dit is software die cookies op uw computer plaatst om informatie over het gebruik van de Site te registreren (de datum en tijd van het bezoek, het aantal bezoeken aan de site, de bekeken pagina's, de tijd die op de site wordt doorgebracht, het bouncepercentage, het gebruikte besturingssysteem, de browser, het land van verbinding, de trefwoorden die zijn ingevoerd om toegang te krijgen tot de site, de herkomst van internetgebruikers, het gedrag van internetgebruikers, enz.  De gegevens met betrekking tot uw gebruik van de Site worden verzonden, opgeslagen en bewaard op servers van Google in de Verenigde Staten. Ga voor meer informatie over de privacypraktijken van Google naar de pagina Privacy &amp; voorwaarden van Google:&nbsp;<a href=\"https:\/\/policies.google.com\/privacy?hl=fr\">R\u00e8gles de confidentialit\u00e9 et conditions d\u2019utilisation \u2013 Google<\/a><\/p>\n\n\n\n<h4 class=\"wp-block-heading\">Cookies van derden&nbsp;<\/h4>\n\n\n\n<p>Dit zijn cookies die door derden op uw terminal worden geplaatst, voornamelijk voor de volgende diensten:<\/p>\n\n\n\n<ul class=\"wp-block-list\">\n<li>Toestemming of weigering om cookies in de cookiebeheerbanner te plaatsen.<\/li>\n\n\n\n<li>CAPTCHA-achtige identiteitsverificatie.<\/li>\n\n\n\n<li>Inhoud bekijken van hosts zoals YouTube, Dailymotion enz. voor video's.CAPTCHA-achtige identiteitsverificatie.<\/li>\n\n\n\n<li>Het delen van informatie op sociale netwerken over de inhoud van de site met andere mensen of andere mensen op de hoogte stellen van uw raadpleging of uw mening over de inhoud van de site.<\/li>\n<\/ul>\n\n\n\n<p>Cookies die door deze derde partijen worden geplaatst, onthouden mogelijk welke pagina's en websites u hebt bezocht en kunnen persoonlijke gegevens zoals IP-adres verzamelen en deze vervolgens delen. Wij hebben geen controle over het proces dat door deze derde partijen wordt gebruikt om informatie te verzamelen met betrekking tot uw browsen op onze site, noch over de persoonlijke gegevens die zij bezitten. In dit geval worden uw gegevens verwerkt door deze derde partijen die optreden als gegevensbeheerders en zijn ze onderworpen aan de gebruiksvoorwaarden en het beleid inzake de bescherming van persoonsgegevens. Wij nodigen u uit om deze te raadplegen en u bewust te worden van de gebruiksdoeleinden en de informatie die zij kunnen verzamelen voordat u toestemming geeft voor de mededeling van uw gegevens ten behoeve van deze derden.&nbsp;<\/p>\n\n\n\n<h4 class=\"wp-block-heading\">Google Tagmanager (GTM) gebruiken<a><strong><\/strong><\/a><\/h4>\n\n\n\n<p>We gebruiken GTM om trackingtags op onze site te plaatsen. Deze tags omvatten cookies die browsergegevens verzamelen (zoals IP-adres, browser en apparaat, bezochte websites en toegangstijd, advertenties die worden weergegeven in uw browser en op de browsers waarop u klikt). Met deze informatie kunt u: (i) Verkeer analyseren: begrijpen hoe bezoekers omgaan met onze site en hun ervaring verbeteren (bijvoorbeeld via Google Analytics); (ii) Gerichte reclame leveren: gepersonaliseerde advertenties weergeven op basis van uw interesses en online gedrag (bijvoorbeeld via Google Ads en Facebook Pixel); (iii) Conversies bijhouden: meet de effectiviteit van marketing- en reclamecampagnes.<strong><\/strong><\/p>\n\n\n\n<p>Door akkoord te gaan met het gebruik van GTM, stemt u ermee in dat Google en zijn partners gerichte advertenties weergeven op basis van uw eerdere bezoeken aan onze site of andere websites. Uw browser wordt ge\u00efdentificeerd door een pseudoniem identificatienummer en toegewezen aan een doelgroep. Cookies die op uw apparaat zijn opgeslagen, stellen Google in staat u opnieuw te targeten op sites van Google en andere partners. Google kan uw gegevens gebruiken voor eigen doeleinden, zoals het profileren van uw gegevens en het koppelen ervan aan andere gegevens over u (bijvoorbeeld via uw Google-account of als u de Google-browser gebruikt). Gegevens over uw gebruik van de Site worden verzonden, opgeslagen en geback-upt op de servers van Google in de Verenigde Staten.&nbsp;<\/p>\n\n\n\n<h4 class=\"wp-block-heading\">Hoe beschermt u uw privacy en beperkt u de risico\u2019s van profilering?<strong><\/strong><\/h4>\n\n\n\n<p>Bij profilering wordt een verband gelegd tussen uw identiteit (\u201cwie u bent\u201d) en uw gedrag (\u201cwat u doet\u201d) of uw interesses (\u201cwat u leuk vindt\u201d). Om dit risico te beperken, is het raadzaam om de verbinding met uw persoonlijke e-mail (Gmail, Yahoo, enz.) te verbreken wanneer u zoekmachines gebruikt of wanneer u op onze site of op een andere website surft.&nbsp;<\/p>\n\n\n\n<p><strong>Internetbrowserinstellingen om \u201ccookies\u201d te beheren&nbsp;<\/strong><\/p>\n\n\n\n<p>De configuratie van elke browser is anders, onderstaande links vertellen u hoe u de meest voorkomende browsers kunt volgen:<\/p>\n\n\n\n<ul class=\"wp-block-list\">\n<li><a href=\"https:\/\/support.microsoft.com\/fr-fr\/help\/17442\/windows-internet-explorer-delete-manage-cookies\">Internet Explorer<\/a>\u2122&nbsp;<\/li>\n\n\n\n<li><a href=\"https:\/\/support.apple.com\/fr-fr\/guide\/safari\/sfri11471\/mac\">Safari<\/a>\u2122&nbsp;<\/li>\n\n\n\n<li><a href=\"https:\/\/support.google.com\/chrome\/answer\/95647?co=GENIE.Platform%3DDesktop&amp;hl=fr\">Chrome<\/a>\u2122&nbsp;<\/li>\n\n\n\n<li><a href=\"https:\/\/support.mozilla.org\/fr\/kb\/effacer-les-cookies-pour-supprimer-les-information\">Firefox<\/a>\u2122&nbsp;<\/li>\n\n\n\n<li><a href=\"https:\/\/www.opera.com\/fr\/privacy\">Op\u00e9ra<\/a>\u2122&nbsp;<\/li>\n<\/ul>\n\n\n\n<p>Om cookies in uw internetbrowser te beheren (blokkeren, deactiveren of verwijderen) raadpleegt u de website van de&nbsp;<a href=\"https:\/\/www.cnil.fr\/fr\/cookies-et-autres-traceurs\/comment-se-proteger\/maitriser-votre-navigateur\">CNIL<\/a>&nbsp;<a href=\"https:\/\/www.cnil.fr\/fr\/cookies-et-autres-traceurs\/comment-se-proteger\/maitriser-votre-navigateur\">https:\/\/www.cnil.fr\/fr\/cookies-et-autres-traceurs\/comment-se-proteger\/maitriser-votre-navigateur<\/a>&nbsp;&nbsp;of de sites http:\/\/www.youronlinechoices.com\/fr\/;&nbsp;<a href=\"http:\/\/www.allaboutcookies.org\/\">http:\/\/www.allaboutcookies.org\/<\/a><\/p>\n\n\n\n<p><strong>Update beleid<\/strong><\/p>\n\n\n\n<p>Deze disclaimer kan te allen tijde worden gewijzigd. Deze wijzigingen worden online gepubliceerd en worden geacht zonder voorbehoud te zijn geaccepteerd door elke Gebruiker die de Site bezoekt nadat ze online zijn geplaatst.<\/p>","protected":false},"excerpt":{"rendered":"<p>Lors de la consultation de ce Site, des traceurs\/cookies sont d\u00e9pos\u00e9s dans le navigateur de votre terminal (ordinateur, tablette ou t\u00e9l\u00e9phone mobile). Ils enregistrent des informations de mani\u00e8re temporaire ou permanent. Un cookie de session ne persiste que durant la session de navigation, il est supprim\u00e9 lors de la fermeture du navigateur. Un cookie permanent [&hellip;]<\/p>\n","protected":false},"author":2,"featured_media":0,"parent":0,"menu_order":0,"comment_status":"closed","ping_status":"closed","template":"","meta":{"_et_pb_use_builder":"","_et_pb_old_content":"","_et_gb_content_width":"1080","_monsterinsights_skip_tracking":false,"_monsterinsights_sitenote_active":false,"_monsterinsights_sitenote_note":"","_monsterinsights_sitenote_category":0,"footnotes":""},"dipi_cpt_category":[],"class_list":["post-800","page","type-page","status-publish","hentry"],"yoast_head":"<!-- This site is optimized with the Yoast SEO plugin v26.2 - https:\/\/yoast.com\/wordpress\/plugins\/seo\/ -->\n<title>Politique des Cookies - Candia Professional<\/title>\n<meta name=\"robots\" content=\"index, follow, max-snippet:-1, max-image-preview:large, max-video-preview:-1\" \/>\n<link rel=\"canonical\" href=\"https:\/\/candiaprofessional.be\/nl\/cookies\/\" \/>\n<meta property=\"og:locale\" content=\"nl_NL\" \/>\n<meta property=\"og:type\" content=\"article\" \/>\n<meta property=\"og:title\" content=\"Politique des Cookies - Candia Professional\" \/>\n<meta property=\"og:description\" content=\"Lors de la consultation de ce Site, des traceurs\/cookies sont d\u00e9pos\u00e9s dans le navigateur de votre terminal (ordinateur, tablette ou t\u00e9l\u00e9phone mobile). Ils enregistrent des informations de mani\u00e8re temporaire ou permanent. Un cookie de session ne persiste que durant la session de navigation, il est supprim\u00e9 lors de la fermeture du navigateur. Un cookie permanent [&hellip;]\" \/>\n<meta property=\"og:url\" content=\"https:\/\/candiaprofessional.be\/nl\/cookies\/\" \/>\n<meta property=\"og:site_name\" content=\"Candia Professional\" \/>\n<meta property=\"article:modified_time\" content=\"2024-07-16T09:21:10+00:00\" \/>\n<meta name=\"twitter:card\" content=\"summary_large_image\" \/>\n<meta name=\"twitter:label1\" content=\"Geschatte leestijd\" \/>\n\t<meta name=\"twitter:data1\" content=\"7 minuten\" \/>\n<script type=\"application\/ld+json\" class=\"yoast-schema-graph\">{\"@context\":\"https:\/\/schema.org\",\"@graph\":[{\"@type\":\"WebPage\",\"@id\":\"https:\/\/candiaprofessional.be\/cookies\/\",\"url\":\"https:\/\/candiaprofessional.be\/cookies\/\",\"name\":\"Politique des Cookies - Candia Professional\",\"isPartOf\":{\"@id\":\"https:\/\/candiaprofessional.be\/#website\"},\"datePublished\":\"2024-07-15T16:09:25+00:00\",\"dateModified\":\"2024-07-16T09:21:10+00:00\",\"breadcrumb\":{\"@id\":\"https:\/\/candiaprofessional.be\/cookies\/#breadcrumb\"},\"inLanguage\":\"nl-NL\",\"potentialAction\":[{\"@type\":\"ReadAction\",\"target\":[\"https:\/\/candiaprofessional.be\/cookies\/\"]}]},{\"@type\":\"BreadcrumbList\",\"@id\":\"https:\/\/candiaprofessional.be\/cookies\/#breadcrumb\",\"itemListElement\":[{\"@type\":\"ListItem\",\"position\":1,\"name\":\"Accueil\",\"item\":\"https:\/\/candiaprofessional.be\/\"},{\"@type\":\"ListItem\",\"position\":2,\"name\":\"Politique des Cookies\"}]},{\"@type\":\"WebSite\",\"@id\":\"https:\/\/candiaprofessional.be\/#website\",\"url\":\"https:\/\/candiaprofessional.be\/\",\"name\":\"Candia Professional\",\"description\":\"Authentiques produits laitiers Fran\u00e7ais\",\"potentialAction\":[{\"@type\":\"SearchAction\",\"target\":{\"@type\":\"EntryPoint\",\"urlTemplate\":\"https:\/\/candiaprofessional.be\/?s={search_term_string}\"},\"query-input\":{\"@type\":\"PropertyValueSpecification\",\"valueRequired\":true,\"valueName\":\"search_term_string\"}}],\"inLanguage\":\"nl-NL\"}]}<\/script>\n<!-- \/ Yoast SEO plugin. -->","yoast_head_json":{"title":"Politique des Cookies - Candia Professional","robots":{"index":"index","follow":"follow","max-snippet":"max-snippet:-1","max-image-preview":"max-image-preview:large","max-video-preview":"max-video-preview:-1"},"canonical":"https:\/\/candiaprofessional.be\/nl\/cookies\/","og_locale":"nl_NL","og_type":"article","og_title":"Politique des Cookies - Candia Professional","og_description":"Lors de la consultation de ce Site, des traceurs\/cookies sont d\u00e9pos\u00e9s dans le navigateur de votre terminal (ordinateur, tablette ou t\u00e9l\u00e9phone mobile). Ils enregistrent des informations de mani\u00e8re temporaire ou permanent. Un cookie de session ne persiste que durant la session de navigation, il est supprim\u00e9 lors de la fermeture du navigateur. Un cookie permanent [&hellip;]","og_url":"https:\/\/candiaprofessional.be\/nl\/cookies\/","og_site_name":"Candia Professional","article_modified_time":"2024-07-16T09:21:10+00:00","twitter_card":"summary_large_image","twitter_misc":{"Geschatte leestijd":"7 minuten"},"schema":{"@context":"https:\/\/schema.org","@graph":[{"@type":"WebPage","@id":"https:\/\/candiaprofessional.be\/cookies\/","url":"https:\/\/candiaprofessional.be\/cookies\/","name":"Politique des Cookies - Candia Professional","isPartOf":{"@id":"https:\/\/candiaprofessional.be\/#website"},"datePublished":"2024-07-15T16:09:25+00:00","dateModified":"2024-07-16T09:21:10+00:00","breadcrumb":{"@id":"https:\/\/candiaprofessional.be\/cookies\/#breadcrumb"},"inLanguage":"nl-NL","potentialAction":[{"@type":"ReadAction","target":["https:\/\/candiaprofessional.be\/cookies\/"]}]},{"@type":"BreadcrumbList","@id":"https:\/\/candiaprofessional.be\/cookies\/#breadcrumb","itemListElement":[{"@type":"ListItem","position":1,"name":"Accueil","item":"https:\/\/candiaprofessional.be\/"},{"@type":"ListItem","position":2,"name":"Politique des Cookies"}]},{"@type":"WebSite","@id":"https:\/\/candiaprofessional.be\/#website","url":"https:\/\/candiaprofessional.be\/","name":"Candia Professional","description":"Authentieke Franse zuivelproducten","potentialAction":[{"@type":"SearchAction","target":{"@type":"EntryPoint","urlTemplate":"https:\/\/candiaprofessional.be\/?s={search_term_string}"},"query-input":{"@type":"PropertyValueSpecification","valueRequired":true,"valueName":"search_term_string"}}],"inLanguage":"nl-NL"}]}},"_links":{"self":[{"href":"https:\/\/candiaprofessional.be\/nl\/wp-json\/wp\/v2\/pages\/800","targetHints":{"allow":["GET"]}}],"collection":[{"href":"https:\/\/candiaprofessional.be\/nl\/wp-json\/wp\/v2\/pages"}],"about":[{"href":"https:\/\/candiaprofessional.be\/nl\/wp-json\/wp\/v2\/types\/page"}],"author":[{"embeddable":true,"href":"https:\/\/candiaprofessional.be\/nl\/wp-json\/wp\/v2\/users\/2"}],"replies":[{"embeddable":true,"href":"https:\/\/candiaprofessional.be\/nl\/wp-json\/wp\/v2\/comments?post=800"}],"version-history":[{"count":5,"href":"https:\/\/candiaprofessional.be\/nl\/wp-json\/wp\/v2\/pages\/800\/revisions"}],"predecessor-version":[{"id":839,"href":"https:\/\/candiaprofessional.be\/nl\/wp-json\/wp\/v2\/pages\/800\/revisions\/839"}],"wp:attachment":[{"href":"https:\/\/candiaprofessional.be\/nl\/wp-json\/wp\/v2\/media?parent=800"}],"wp:term":[{"taxonomy":"dipi_cpt_category","embeddable":true,"href":"https:\/\/candiaprofessional.be\/nl\/wp-json\/wp\/v2\/dipi_cpt_category?post=800"}],"curies":[{"name":"wp","href":"https:\/\/api.w.org\/{rel}","templated":true}]}}